{"id":5,"date":"2014-11-11T10:32:33","date_gmt":"2014-11-11T10:32:33","guid":{"rendered":"http:\/\/lecsogyorsetterem.hu\/?page_id=5"},"modified":"2026-04-26T12:06:22","modified_gmt":"2026-04-26T12:06:22","slug":"fooldal","status":"publish","type":"page","link":"https:\/\/lecsogyorsetterem.hu\/en\/","title":{"rendered":"Home"},"content":{"rendered":"<h1 style=\"text-align: center;\" data-start=\"162\" data-end=\"208\"><strong data-start=\"162\" data-end=\"208\">Welcome to the world of Hungarian flavors!<\/strong><\/h1>\n<p class=\"\" style=\"text-align: center;\" data-start=\"210\" data-end=\"392\">Just a short walk from Nyugati Railway Station, near Margaret Bridge and J\u00e1szai Mari Square\u2014right by the Parliament\u2014you\u2019ll find <strong data-start=\"338\" data-end=\"347\">Lecs\u00f3<\/strong>, our uniquely Hungarian &#8220;2 in 1&#8221; restaurant.<\/p>\n<p class=\"\" style=\"text-align: center;\" data-start=\"394\" data-end=\"567\">At lunchtime, we offer a self-service buffet with fast, hearty meals. From 6 p.m., we switch to \u00e0 la carte dining with table service, generous portions, and friendly prices.<\/p>\n<p class=\"\" style=\"text-align: center;\" data-start=\"569\" data-end=\"868\">Whether you visit us at noon or in the evening, you\u2019ll find all the classics of Hungarian cuisine: <strong data-start=\"668\" data-end=\"768\">goulash soup (guly\u00e1sleves), beef stew (marhap\u00f6rk\u00f6lt), chicken paprikash (paprik\u00e1s csirke), lecs\u00f3<\/strong> in many styles, <strong data-start=\"785\" data-end=\"858\">stuffed cabbage (t\u00f6lt\u00f6tt k\u00e1poszta), stuffed peppers (t\u00f6lt\u00f6tt paprika)<\/strong> and more.<\/p>\n<p class=\"\" style=\"text-align: center;\" data-start=\"870\" data-end=\"966\">Come taste the real Hungary\u2014served with warmth, tradition, and just the right amount of paprika.<\/p>","protected":false},"excerpt":{"rendered":"<p>Welcome to the world of Hungarian flavors! Just a short walk from Nyugati Railway Station, near Margaret Bridge and J\u00e1szai Mari Square\u2014right by the Parliament\u2014you\u2019ll find Lecs\u00f3, our uniquely Hungarian &#8220;2 in 1&#8221; restaurant. At lunchtime, we offer a self-service buffet with fast, hearty meals. From 6 p.m., we switch to \u00e0 la carte dining [&hellip;]<\/p>\n","protected":false},"author":1,"featured_media":0,"parent":0,"menu_order":11,"comment_status":"open","ping_status":"open","template":"page-home.php","meta":{"_acf_changed":false,"footnotes":""},"acf":[],"_links":{"self":[{"href":"https:\/\/lecsogyorsetterem.hu\/en\/wp-json\/wp\/v2\/pages\/5"}],"collection":[{"href":"https:\/\/lecsogyorsetterem.hu\/en\/wp-json\/wp\/v2\/pages"}],"about":[{"href":"https:\/\/lecsogyorsetterem.hu\/en\/wp-json\/wp\/v2\/types\/page"}],"author":[{"embeddable":true,"href":"https:\/\/lecsogyorsetterem.hu\/en\/wp-json\/wp\/v2\/users\/1"}],"replies":[{"embeddable":true,"href":"https:\/\/lecsogyorsetterem.hu\/en\/wp-json\/wp\/v2\/comments?post=5"}],"version-history":[{"count":358,"href":"https:\/\/lecsogyorsetterem.hu\/en\/wp-json\/wp\/v2\/pages\/5\/revisions"}],"predecessor-version":[{"id":2598,"href":"https:\/\/lecsogyorsetterem.hu\/en\/wp-json\/wp\/v2\/pages\/5\/revisions\/2598"}],"wp:attachment":[{"href":"https:\/\/lecsogyorsetterem.hu\/en\/wp-json\/wp\/v2\/media?parent=5"}],"curies":[{"name":"wp","href":"https:\/\/api.w.org\/{rel}","templated":true}]}}